{"id":2149,"date":"2023-09-08T19:15:42","date_gmt":"2023-09-08T19:15:42","guid":{"rendered":"https:\/\/smartjob.cl\/?page_id=2149"},"modified":"2025-10-07T01:25:50","modified_gmt":"2025-10-07T01:25:50","slug":"contacto","status":"publish","type":"page","link":"https:\/\/smartjob.cl\/en\/contacto\/","title":{"rendered":"Contacto | SmartJob"},"content":{"rendered":"<div data-elementor-type=\"wp-page\" data-elementor-id=\"2149\" class=\"elementor elementor-2149\">\n\t\t\t\t\t\t<section class=\"elementor-section elementor-top-section elementor-element elementor-element-38f7129 elementor-section-full_width elementor-section-height-default elementor-section-height-default\" data-id=\"38f7129\" data-element_type=\"section\" data-settings=\"{&quot;background_background&quot;:&quot;classic&quot;}\">\n\t\t\t\t\t\t<div class=\"elementor-container elementor-column-gap-default\">\n\t\t\t\t\t<div class=\"elementor-column elementor-col-100 elementor-top-column elementor-element elementor-element-00b11e2\" data-id=\"00b11e2\" data-element_type=\"column\" data-settings=\"{&quot;background_background&quot;:&quot;classic&quot;}\">\n\t\t\t<div class=\"elementor-widget-wrap elementor-element-populated\">\n\t\t\t\t\t\t<div class=\"elementor-element elementor-element-f244539 elementor-widget elementor-widget-heading\" data-id=\"f244539\" data-element_type=\"widget\" data-widget_type=\"heading.default\">\n\t\t\t\t<div class=\"elementor-widget-container\">\n\t\t\t\t\t<h2 class=\"elementor-heading-title elementor-size-default\">Contact us!<\/h2>\t\t\t\t<\/div>\n\t\t\t\t<\/div>\n\t\t\t\t<section class=\"elementor-section elementor-inner-section elementor-element elementor-element-0815f5f elementor-section-boxed elementor-section-height-default elementor-section-height-default\" data-id=\"0815f5f\" data-element_type=\"section\">\n\t\t\t\t\t\t<div class=\"elementor-container elementor-column-gap-default\">\n\t\t\t\t\t<div class=\"elementor-column elementor-col-50 elementor-inner-column elementor-element elementor-element-63fff53\" data-id=\"63fff53\" data-element_type=\"column\" data-settings=\"{&quot;background_background&quot;:&quot;classic&quot;}\">\n\t\t\t<div class=\"elementor-widget-wrap elementor-element-populated\">\n\t\t\t\t\t\t<section class=\"elementor-section elementor-inner-section elementor-element elementor-element-7ce6ae2 elementor-section-boxed elementor-section-height-default elementor-section-height-default\" data-id=\"7ce6ae2\" data-element_type=\"section\" data-settings=\"{&quot;background_background&quot;:&quot;classic&quot;}\">\n\t\t\t\t\t\t<div class=\"elementor-container elementor-column-gap-default\">\n\t\t\t\t\t<div class=\"elementor-column elementor-col-100 elementor-inner-column elementor-element elementor-element-decb578\" data-id=\"decb578\" data-element_type=\"column\" data-settings=\"{&quot;background_background&quot;:&quot;classic&quot;}\">\n\t\t\t<div class=\"elementor-widget-wrap elementor-element-populated\">\n\t\t\t\t\t\t<div class=\"elementor-element elementor-element-0307f94 elementor-widget elementor-widget-heading\" data-id=\"0307f94\" data-element_type=\"widget\" data-widget_type=\"heading.default\">\n\t\t\t\t<div class=\"elementor-widget-container\">\n\t\t\t\t\t<h1 class=\"elementor-heading-title elementor-size-default\">Office information<\/h1>\t\t\t\t<\/div>\n\t\t\t\t<\/div>\n\t\t\t\t\t<\/div>\n\t\t<\/div>\n\t\t\t\t\t<\/div>\n\t\t<\/section>\n\t\t\t\t<section class=\"elementor-section elementor-inner-section elementor-element elementor-element-d196e41 elementor-section-boxed elementor-section-height-default elementor-section-height-default\" data-id=\"d196e41\" data-element_type=\"section\" data-settings=\"{&quot;background_background&quot;:&quot;classic&quot;}\">\n\t\t\t\t\t\t<div class=\"elementor-container elementor-column-gap-default\">\n\t\t\t\t\t<div class=\"elementor-column elementor-col-50 elementor-inner-column elementor-element elementor-element-bf5894d\" data-id=\"bf5894d\" data-element_type=\"column\">\n\t\t\t<div class=\"elementor-widget-wrap elementor-element-populated\">\n\t\t\t\t\t\t<div class=\"elementor-element elementor-element-fdf7b32 elementor-widget elementor-widget-image\" data-id=\"fdf7b32\" data-element_type=\"widget\" data-widget_type=\"image.default\">\n\t\t\t\t<div class=\"elementor-widget-container\">\n\t\t\t\t\t\t\t\t\t\t\t\t\t\t\t<img decoding=\"async\" width=\"15\" height=\"21\" src=\"https:\/\/smartjob.cl\/wp-content\/uploads\/2023\/09\/Trazado-12087-1.png\" class=\"attachment-large size-large wp-image-2153\" alt=\"\" \/>\t\t\t\t\t\t\t\t\t\t\t\t\t\t\t<\/div>\n\t\t\t\t<\/div>\n\t\t\t\t\t<\/div>\n\t\t<\/div>\n\t\t\t\t<div class=\"elementor-column elementor-col-50 elementor-inner-column elementor-element elementor-element-b19001e\" data-id=\"b19001e\" data-element_type=\"column\">\n\t\t\t<div class=\"elementor-widget-wrap elementor-element-populated\">\n\t\t\t\t\t\t<div class=\"elementor-element elementor-element-26c010d elementor-widget elementor-widget-text-editor\" data-id=\"26c010d\" data-element_type=\"widget\" data-widget_type=\"text-editor.default\">\n\t\t\t\t<div class=\"elementor-widget-container\">\n\t\t\t\t\t\t\t\t\t+56 9 5768 9050 \t\t\t\t\t\t\t\t<\/div>\n\t\t\t\t<\/div>\n\t\t\t\t\t<\/div>\n\t\t<\/div>\n\t\t\t\t\t<\/div>\n\t\t<\/section>\n\t\t\t\t<section class=\"elementor-section elementor-inner-section elementor-element elementor-element-3a1dff5 elementor-section-boxed elementor-section-height-default elementor-section-height-default\" data-id=\"3a1dff5\" data-element_type=\"section\" data-settings=\"{&quot;background_background&quot;:&quot;classic&quot;}\">\n\t\t\t\t\t\t<div class=\"elementor-container elementor-column-gap-default\">\n\t\t\t\t\t<div class=\"elementor-column elementor-col-50 elementor-inner-column elementor-element elementor-element-0bb1042\" data-id=\"0bb1042\" data-element_type=\"column\">\n\t\t\t<div class=\"elementor-widget-wrap elementor-element-populated\">\n\t\t\t\t\t\t<div class=\"elementor-element elementor-element-bc6a6b1 elementor-widget elementor-widget-image\" data-id=\"bc6a6b1\" data-element_type=\"widget\" data-widget_type=\"image.default\">\n\t\t\t\t<div class=\"elementor-widget-container\">\n\t\t\t\t\t\t\t\t\t\t\t\t\t\t\t<img decoding=\"async\" width=\"20\" height=\"20\" src=\"https:\/\/smartjob.cl\/wp-content\/uploads\/2023\/09\/Trazado-12090-1.png\" class=\"attachment-large size-large wp-image-2154\" alt=\"\" \/>\t\t\t\t\t\t\t\t\t\t\t\t\t\t\t<\/div>\n\t\t\t\t<\/div>\n\t\t\t\t\t<\/div>\n\t\t<\/div>\n\t\t\t\t<div class=\"elementor-column elementor-col-50 elementor-inner-column elementor-element elementor-element-3a1aa91\" data-id=\"3a1aa91\" data-element_type=\"column\">\n\t\t\t<div class=\"elementor-widget-wrap elementor-element-populated\">\n\t\t\t\t\t\t<div class=\"elementor-element elementor-element-ab12678 elementor-widget elementor-widget-text-editor\" data-id=\"ab12678\" data-element_type=\"widget\" data-widget_type=\"text-editor.default\">\n\t\t\t\t<div class=\"elementor-widget-container\">\n\t\t\t\t\t\t\t\t\tCerro El Plomo 5855, oficina 902, <br \/>Las Condes.\t\t\t\t\t\t\t\t<\/div>\n\t\t\t\t<\/div>\n\t\t\t\t\t<\/div>\n\t\t<\/div>\n\t\t\t\t\t<\/div>\n\t\t<\/section>\n\t\t\t\t<section class=\"elementor-section elementor-inner-section elementor-element elementor-element-f41fc03 elementor-section-boxed elementor-section-height-default elementor-section-height-default\" data-id=\"f41fc03\" data-element_type=\"section\" data-settings=\"{&quot;background_background&quot;:&quot;classic&quot;}\">\n\t\t\t\t\t\t<div class=\"elementor-container elementor-column-gap-default\">\n\t\t\t\t\t<div class=\"elementor-column elementor-col-50 elementor-inner-column elementor-element elementor-element-88418da\" data-id=\"88418da\" data-element_type=\"column\">\n\t\t\t<div class=\"elementor-widget-wrap elementor-element-populated\">\n\t\t\t\t\t\t<div class=\"elementor-element elementor-element-43e0167 elementor-widget elementor-widget-image\" data-id=\"43e0167\" data-element_type=\"widget\" data-widget_type=\"image.default\">\n\t\t\t\t<div class=\"elementor-widget-container\">\n\t\t\t\t\t\t\t\t\t\t\t\t\t\t\t<img decoding=\"async\" width=\"20\" height=\"16\" src=\"https:\/\/smartjob.cl\/wp-content\/uploads\/2023\/09\/Trazado-12091-1.png\" class=\"attachment-large size-large wp-image-2155\" alt=\"\" \/>\t\t\t\t\t\t\t\t\t\t\t\t\t\t\t<\/div>\n\t\t\t\t<\/div>\n\t\t\t\t\t<\/div>\n\t\t<\/div>\n\t\t\t\t<div class=\"elementor-column elementor-col-50 elementor-inner-column elementor-element elementor-element-bbb018e\" data-id=\"bbb018e\" data-element_type=\"column\">\n\t\t\t<div class=\"elementor-widget-wrap elementor-element-populated\">\n\t\t\t\t\t\t<div class=\"elementor-element elementor-element-87a154f elementor-widget elementor-widget-text-editor\" data-id=\"87a154f\" data-element_type=\"widget\" data-widget_type=\"text-editor.default\">\n\t\t\t\t<div class=\"elementor-widget-container\">\n\t\t\t\t\t\t\t\t\tSend your CV info@smartjob.cl\t\t\t\t\t\t\t\t<\/div>\n\t\t\t\t<\/div>\n\t\t\t\t\t<\/div>\n\t\t<\/div>\n\t\t\t\t\t<\/div>\n\t\t<\/section>\n\t\t\t\t<section class=\"elementor-section elementor-inner-section elementor-element elementor-element-f362f59 elementor-section-boxed elementor-section-height-default elementor-section-height-default\" data-id=\"f362f59\" data-element_type=\"section\">\n\t\t\t\t\t\t<div class=\"elementor-container elementor-column-gap-default\">\n\t\t\t\t\t<div class=\"elementor-column elementor-col-100 elementor-inner-column elementor-element elementor-element-d6260b4\" data-id=\"d6260b4\" data-element_type=\"column\" data-settings=\"{&quot;background_background&quot;:&quot;classic&quot;}\">\n\t\t\t<div class=\"elementor-widget-wrap elementor-element-populated\">\n\t\t\t\t\t\t<div class=\"elementor-element elementor-element-c5d689c elementor-widget elementor-widget-heading\" data-id=\"c5d689c\" data-element_type=\"widget\" data-widget_type=\"heading.default\">\n\t\t\t\t<div class=\"elementor-widget-container\">\n\t\t\t\t\t<h1 class=\"elementor-heading-title elementor-size-default\">follow us<\/h1>\t\t\t\t<\/div>\n\t\t\t\t<\/div>\n\t\t\t\t\t<\/div>\n\t\t<\/div>\n\t\t\t\t\t<\/div>\n\t\t<\/section>\n\t\t\t\t<div class=\"elementor-element elementor-element-68e6fcf e-grid-align-left e-grid-align-mobile-center elementor-shape-rounded elementor-grid-0 elementor-widget elementor-widget-social-icons\" data-id=\"68e6fcf\" data-element_type=\"widget\" data-widget_type=\"social-icons.default\">\n\t\t\t\t<div class=\"elementor-widget-container\">\n\t\t\t\t\t\t\t<div class=\"elementor-social-icons-wrapper elementor-grid\" role=\"list\">\n\t\t\t\t\t\t\t<span class=\"elementor-grid-item\" role=\"listitem\">\n\t\t\t\t\t<a class=\"elementor-icon elementor-social-icon elementor-social-icon-facebook elementor-repeater-item-b7fa4a7\" href=\"https:\/\/www.facebook.com\/smartjob.ti\" target=\"_blank\">\n\t\t\t\t\t\t<span class=\"elementor-screen-only\">Facebook<\/span>\n\t\t\t\t\t\t<i aria-hidden=\"true\" class=\"fab fa-facebook\"><\/i>\t\t\t\t\t<\/a>\n\t\t\t\t<\/span>\n\t\t\t\t\t\t\t<span class=\"elementor-grid-item\" role=\"listitem\">\n\t\t\t\t\t<a class=\"elementor-icon elementor-social-icon elementor-social-icon-instagram elementor-repeater-item-76d9f5a\" href=\"https:\/\/www.instagram.com\/smartjob_ti\/\" target=\"_blank\">\n\t\t\t\t\t\t<span class=\"elementor-screen-only\">Instagram<\/span>\n\t\t\t\t\t\t<i aria-hidden=\"true\" class=\"fab fa-instagram\"><\/i>\t\t\t\t\t<\/a>\n\t\t\t\t<\/span>\n\t\t\t\t\t\t\t<span class=\"elementor-grid-item\" role=\"listitem\">\n\t\t\t\t\t<a class=\"elementor-icon elementor-social-icon elementor-social-icon-linkedin elementor-repeater-item-de494f6\" href=\"https:\/\/www.linkedin.com\/company\/smartjob-spa\/\" target=\"_blank\">\n\t\t\t\t\t\t<span class=\"elementor-screen-only\">Linkedin<\/span>\n\t\t\t\t\t\t<i aria-hidden=\"true\" class=\"fab fa-linkedin\"><\/i>\t\t\t\t\t<\/a>\n\t\t\t\t<\/span>\n\t\t\t\t\t<\/div>\n\t\t\t\t\t\t<\/div>\n\t\t\t\t<\/div>\n\t\t\t\t\t<\/div>\n\t\t<\/div>\n\t\t\t\t<div class=\"elementor-column elementor-col-50 elementor-inner-column elementor-element elementor-element-07c8c35\" data-id=\"07c8c35\" data-element_type=\"column\" data-settings=\"{&quot;background_background&quot;:&quot;classic&quot;}\">\n\t\t\t<div class=\"elementor-widget-wrap elementor-element-populated\">\n\t\t\t\t\t\t<section class=\"elementor-section elementor-inner-section elementor-element elementor-element-48154a4 elementor-section-boxed elementor-section-height-default elementor-section-height-default\" data-id=\"48154a4\" data-element_type=\"section\">\n\t\t\t\t\t\t<div class=\"elementor-container elementor-column-gap-default\">\n\t\t\t\t\t<div class=\"elementor-column elementor-col-100 elementor-inner-column elementor-element elementor-element-3ffadce\" data-id=\"3ffadce\" data-element_type=\"column\">\n\t\t\t<div class=\"elementor-widget-wrap elementor-element-populated\">\n\t\t\t\t\t\t<div class=\"elementor-element elementor-element-eecfd33 elementor-widget elementor-widget-heading\" data-id=\"eecfd33\" data-element_type=\"widget\" data-widget_type=\"heading.default\">\n\t\t\t\t<div class=\"elementor-widget-container\">\n\t\t\t\t\t<h1 class=\"elementor-heading-title elementor-size-default\">Send us your message<\/h1>\t\t\t\t<\/div>\n\t\t\t\t<\/div>\n\t\t\t\t<div class=\"elementor-element elementor-element-0bf94db elementor-button-align-start form_contacto elementor-widget elementor-widget-form\" data-id=\"0bf94db\" data-element_type=\"widget\" data-settings=\"{&quot;step_next_label&quot;:&quot;Next&quot;,&quot;step_previous_label&quot;:&quot;Previous&quot;,&quot;button_width&quot;:&quot;100&quot;,&quot;step_type&quot;:&quot;number_text&quot;,&quot;step_icon_shape&quot;:&quot;circle&quot;}\" data-widget_type=\"form.default\">\n\t\t\t\t<div class=\"elementor-widget-container\">\n\t\t\t\t\t\t\t<form class=\"elementor-form\" method=\"post\" name=\"New Form\" action=\"\">\n\t\t\t<input type=\"hidden\" name=\"post_id\" value=\"2149\"\/>\n\t\t\t<input type=\"hidden\" name=\"form_id\" value=\"0bf94db\"\/>\n\t\t\t<input type=\"hidden\" name=\"referer_title\" value=\"SmartJob\" \/>\n\n\t\t\t\n\t\t\t<div class=\"elementor-form-fields-wrapper elementor-labels-above\">\n\t\t\t\t\t\t\t\t<div class=\"elementor-field-type-text elementor-field-group elementor-column elementor-field-group-name elementor-col-100\">\n\t\t\t\t\t\t\t\t\t\t\t\t\t<input size=\"1\" type=\"text\" name=\"form_fields[name]\" id=\"form-field-name\" class=\"elementor-field elementor-size-sm  elementor-field-textual\" placeholder=\"Name\">\n\t\t\t\t\t\t\t\t\t\t\t<\/div>\n\t\t\t\t\t\t\t\t<div class=\"elementor-field-type-email elementor-field-group elementor-column elementor-field-group-email elementor-col-100 elementor-field-required\">\n\t\t\t\t\t\t\t\t\t\t\t\t\t<input size=\"1\" type=\"email\" name=\"form_fields[email]\" id=\"form-field-email\" class=\"elementor-field elementor-size-sm  elementor-field-textual\" placeholder=\"Email\" required=\"required\" aria-required=\"true\">\n\t\t\t\t\t\t\t\t\t\t\t<\/div>\n\t\t\t\t\t\t\t\t<div class=\"elementor-field-type-tel elementor-field-group elementor-column elementor-field-group-field_53dbfda elementor-col-100 elementor-field-required\">\n\t\t\t\t\t\t\t<input size=\"1\" type=\"tel\" name=\"form_fields[field_53dbfda]\" id=\"form-field-field_53dbfda\" class=\"elementor-field elementor-size-sm  elementor-field-textual\" placeholder=\"Phone\" required=\"required\" aria-required=\"true\" pattern=\"[0-9()#&amp;+*-=.]+\" title=\"Only numbers and phone characters (#, -, *, etc) are accepted.\">\n\n\t\t\t\t\t\t<\/div>\n\t\t\t\t\t\t\t\t<div class=\"elementor-field-type-textarea elementor-field-group elementor-column elementor-field-group-message elementor-col-100\">\n\t\t\t\t\t<textarea class=\"elementor-field-textual elementor-field  elementor-size-sm\" name=\"form_fields[message]\" id=\"form-field-message\" rows=\"4\" placeholder=\"Message\"><\/textarea>\t\t\t\t<\/div>\n\t\t\t\t\t\t\t\t<div class=\"elementor-field-group elementor-column elementor-field-type-submit elementor-col-100 e-form__buttons\">\n\t\t\t\t\t<button type=\"submit\" class=\"elementor-button elementor-size-sm\">\n\t\t\t\t\t\t<span >\n\t\t\t\t\t\t\t\t\t\t\t\t\t\t\t<span class=\"elementor-button-icon\">\n\t\t\t\t\t\t\t\t\t\t\t\t\t\t\t\t\t\t\t\t\t\t\t\t\t\t<\/span>\n\t\t\t\t\t\t\t\t\t\t\t\t\t\t\t\t\t\t\t\t\t\t<span class=\"elementor-button-text\">Send<\/span>\n\t\t\t\t\t\t\t\t\t\t\t\t\t<\/span>\n\t\t\t\t\t<\/button>\n\t\t\t\t<\/div>\n\t\t\t<\/div>\n\t\t<input type=\"hidden\" name=\"trp-form-language\" value=\"en\"\/><\/form>\n\t\t\t\t\t\t<\/div>\n\t\t\t\t<\/div>\n\t\t\t\t\t<\/div>\n\t\t<\/div>\n\t\t\t\t\t<\/div>\n\t\t<\/section>\n\t\t\t\t\t<\/div>\n\t\t<\/div>\n\t\t\t\t\t<\/div>\n\t\t<\/section>\n\t\t\t\t\t<\/div>\n\t\t<\/div>\n\t\t\t\t\t<\/div>\n\t\t<\/section>\n\t\t\t\t<\/div>","protected":false},"excerpt":{"rendered":"<p>\u00a1Cont\u00e1ctanos! Informaci\u00f3n de la oficina +56 9 5768 9050 Cerro El Plomo 5855, oficina 902, Las Condes. Env\u00eda tu cv info@smartjob.cl Siguenos Facebook Instagram Linkedin Env\u00edanos tu mensaje<\/p>","protected":false},"author":2,"featured_media":0,"parent":0,"menu_order":0,"comment_status":"closed","ping_status":"closed","template":"elementor_header_footer","meta":{"footnotes":""},"class_list":["post-2149","page","type-page","status-publish","hentry"],"yoast_head":"<!-- This site is optimized with the Yoast SEO plugin v26.4 - https:\/\/yoast.com\/wordpress\/plugins\/seo\/ -->\n<title>Contacto | SmartJob - SmartJob<\/title>\n<meta name=\"robots\" content=\"index, follow, max-snippet:-1, max-image-preview:large, max-video-preview:-1\" \/>\n<link rel=\"canonical\" href=\"https:\/\/smartjob.cl\/en\/contacto\/\" \/>\n<meta property=\"og:locale\" content=\"en_US\" \/>\n<meta property=\"og:type\" content=\"article\" \/>\n<meta property=\"og:title\" content=\"Contacto | SmartJob - SmartJob\" \/>\n<meta property=\"og:description\" content=\"\u00a1Cont\u00e1ctanos! Informaci\u00f3n de la oficina +56 9 5768 9050 Cerro El Plomo 5855, oficina 902, Las Condes. Env\u00eda tu cv info@smartjob.cl Siguenos Facebook Instagram Linkedin Env\u00edanos tu mensaje\" \/>\n<meta property=\"og:url\" content=\"https:\/\/smartjob.cl\/en\/contacto\/\" \/>\n<meta property=\"og:site_name\" content=\"SmartJob\" \/>\n<meta property=\"article:modified_time\" content=\"2025-10-07T01:25:50+00:00\" \/>\n<meta property=\"og:image\" content=\"https:\/\/smartjob.cl\/wp-content\/uploads\/2023\/09\/Trazado-12087-1.png\" \/>\n\t<meta property=\"og:image:width\" content=\"15\" \/>\n\t<meta property=\"og:image:height\" content=\"21\" \/>\n\t<meta property=\"og:image:type\" content=\"image\/png\" \/>\n<meta name=\"twitter:card\" content=\"summary_large_image\" \/>\n<meta name=\"twitter:label1\" content=\"Est. reading time\" \/>\n\t<meta name=\"twitter:data1\" content=\"1 minute\" \/>\n<script type=\"application\/ld+json\" class=\"yoast-schema-graph\">{\"@context\":\"https:\/\/schema.org\",\"@graph\":[{\"@type\":\"WebPage\",\"@id\":\"https:\/\/smartjob.cl\/contacto\/\",\"url\":\"https:\/\/smartjob.cl\/contacto\/\",\"name\":\"Contacto | SmartJob - SmartJob\",\"isPartOf\":{\"@id\":\"https:\/\/smartjob.cl\/#website\"},\"primaryImageOfPage\":{\"@id\":\"https:\/\/smartjob.cl\/contacto\/#primaryimage\"},\"image\":{\"@id\":\"https:\/\/smartjob.cl\/contacto\/#primaryimage\"},\"thumbnailUrl\":\"https:\/\/smartjob.cl\/wp-content\/uploads\/2023\/09\/Trazado-12087-1.png\",\"datePublished\":\"2023-09-08T19:15:42+00:00\",\"dateModified\":\"2025-10-07T01:25:50+00:00\",\"breadcrumb\":{\"@id\":\"https:\/\/smartjob.cl\/contacto\/#breadcrumb\"},\"inLanguage\":\"en-US\",\"potentialAction\":[{\"@type\":\"ReadAction\",\"target\":[\"https:\/\/smartjob.cl\/contacto\/\"]}]},{\"@type\":\"ImageObject\",\"inLanguage\":\"en-US\",\"@id\":\"https:\/\/smartjob.cl\/contacto\/#primaryimage\",\"url\":\"https:\/\/smartjob.cl\/wp-content\/uploads\/2023\/09\/Trazado-12087-1.png\",\"contentUrl\":\"https:\/\/smartjob.cl\/wp-content\/uploads\/2023\/09\/Trazado-12087-1.png\"},{\"@type\":\"BreadcrumbList\",\"@id\":\"https:\/\/smartjob.cl\/contacto\/#breadcrumb\",\"itemListElement\":[{\"@type\":\"ListItem\",\"position\":1,\"name\":\"Home\",\"item\":\"https:\/\/smartjob.cl\/\"},{\"@type\":\"ListItem\",\"position\":2,\"name\":\"Contacto | SmartJob\"}]},{\"@type\":\"WebSite\",\"@id\":\"https:\/\/smartjob.cl\/#website\",\"url\":\"https:\/\/smartjob.cl\/\",\"name\":\"SmartJob\",\"description\":\"\",\"publisher\":{\"@id\":\"https:\/\/smartjob.cl\/#organization\"},\"potentialAction\":[{\"@type\":\"SearchAction\",\"target\":{\"@type\":\"EntryPoint\",\"urlTemplate\":\"https:\/\/smartjob.cl\/?s={search_term_string}\"},\"query-input\":{\"@type\":\"PropertyValueSpecification\",\"valueRequired\":true,\"valueName\":\"search_term_string\"}}],\"inLanguage\":\"en-US\"},{\"@type\":\"Organization\",\"@id\":\"https:\/\/smartjob.cl\/#organization\",\"name\":\"SmartJob\",\"url\":\"https:\/\/smartjob.cl\/\",\"logo\":{\"@type\":\"ImageObject\",\"inLanguage\":\"en-US\",\"@id\":\"https:\/\/smartjob.cl\/#\/schema\/logo\/image\/\",\"url\":\"https:\/\/smartjob.cl\/wp-content\/uploads\/2022\/03\/cropped-cropped-smartjs.png\",\"contentUrl\":\"https:\/\/smartjob.cl\/wp-content\/uploads\/2022\/03\/cropped-cropped-smartjs.png\",\"width\":370,\"height\":79,\"caption\":\"SmartJob\"},\"image\":{\"@id\":\"https:\/\/smartjob.cl\/#\/schema\/logo\/image\/\"}}]}<\/script>\n<!-- \/ Yoast SEO plugin. -->","yoast_head_json":{"title":"Contacto | SmartJob - SmartJob","robots":{"index":"index","follow":"follow","max-snippet":"max-snippet:-1","max-image-preview":"max-image-preview:large","max-video-preview":"max-video-preview:-1"},"canonical":"https:\/\/smartjob.cl\/en\/contacto\/","og_locale":"en_US","og_type":"article","og_title":"Contacto | SmartJob - SmartJob","og_description":"\u00a1Cont\u00e1ctanos! Informaci\u00f3n de la oficina +56 9 5768 9050 Cerro El Plomo 5855, oficina 902, Las Condes. Env\u00eda tu cv info@smartjob.cl Siguenos Facebook Instagram Linkedin Env\u00edanos tu mensaje","og_url":"https:\/\/smartjob.cl\/en\/contacto\/","og_site_name":"SmartJob","article_modified_time":"2025-10-07T01:25:50+00:00","og_image":[{"width":15,"height":21,"url":"https:\/\/smartjob.cl\/wp-content\/uploads\/2023\/09\/Trazado-12087-1.png","type":"image\/png"}],"twitter_card":"summary_large_image","twitter_misc":{"Est. reading time":"1 minute"},"schema":{"@context":"https:\/\/schema.org","@graph":[{"@type":"WebPage","@id":"https:\/\/smartjob.cl\/contacto\/","url":"https:\/\/smartjob.cl\/contacto\/","name":"Contacto | SmartJob - SmartJob","isPartOf":{"@id":"https:\/\/smartjob.cl\/#website"},"primaryImageOfPage":{"@id":"https:\/\/smartjob.cl\/contacto\/#primaryimage"},"image":{"@id":"https:\/\/smartjob.cl\/contacto\/#primaryimage"},"thumbnailUrl":"https:\/\/smartjob.cl\/wp-content\/uploads\/2023\/09\/Trazado-12087-1.png","datePublished":"2023-09-08T19:15:42+00:00","dateModified":"2025-10-07T01:25:50+00:00","breadcrumb":{"@id":"https:\/\/smartjob.cl\/contacto\/#breadcrumb"},"inLanguage":"en-US","potentialAction":[{"@type":"ReadAction","target":["https:\/\/smartjob.cl\/contacto\/"]}]},{"@type":"ImageObject","inLanguage":"en-US","@id":"https:\/\/smartjob.cl\/contacto\/#primaryimage","url":"https:\/\/smartjob.cl\/wp-content\/uploads\/2023\/09\/Trazado-12087-1.png","contentUrl":"https:\/\/smartjob.cl\/wp-content\/uploads\/2023\/09\/Trazado-12087-1.png"},{"@type":"BreadcrumbList","@id":"https:\/\/smartjob.cl\/contacto\/#breadcrumb","itemListElement":[{"@type":"ListItem","position":1,"name":"Home","item":"https:\/\/smartjob.cl\/"},{"@type":"ListItem","position":2,"name":"Contacto | SmartJob"}]},{"@type":"WebSite","@id":"https:\/\/smartjob.cl\/#website","url":"https:\/\/smartjob.cl\/","name":"SmartJob","description":"","publisher":{"@id":"https:\/\/smartjob.cl\/#organization"},"potentialAction":[{"@type":"SearchAction","target":{"@type":"EntryPoint","urlTemplate":"https:\/\/smartjob.cl\/?s={search_term_string}"},"query-input":{"@type":"PropertyValueSpecification","valueRequired":true,"valueName":"search_term_string"}}],"inLanguage":"en-US"},{"@type":"Organization","@id":"https:\/\/smartjob.cl\/#organization","name":"SmartJob","url":"https:\/\/smartjob.cl\/","logo":{"@type":"ImageObject","inLanguage":"en-US","@id":"https:\/\/smartjob.cl\/#\/schema\/logo\/image\/","url":"https:\/\/smartjob.cl\/wp-content\/uploads\/2022\/03\/cropped-cropped-smartjs.png","contentUrl":"https:\/\/smartjob.cl\/wp-content\/uploads\/2022\/03\/cropped-cropped-smartjs.png","width":370,"height":79,"caption":"SmartJob"},"image":{"@id":"https:\/\/smartjob.cl\/#\/schema\/logo\/image\/"}}]}},"_links":{"self":[{"href":"https:\/\/smartjob.cl\/en\/wp-json\/wp\/v2\/pages\/2149","targetHints":{"allow":["GET"]}}],"collection":[{"href":"https:\/\/smartjob.cl\/en\/wp-json\/wp\/v2\/pages"}],"about":[{"href":"https:\/\/smartjob.cl\/en\/wp-json\/wp\/v2\/types\/page"}],"author":[{"embeddable":true,"href":"https:\/\/smartjob.cl\/en\/wp-json\/wp\/v2\/users\/2"}],"replies":[{"embeddable":true,"href":"https:\/\/smartjob.cl\/en\/wp-json\/wp\/v2\/comments?post=2149"}],"version-history":[{"count":10,"href":"https:\/\/smartjob.cl\/en\/wp-json\/wp\/v2\/pages\/2149\/revisions"}],"predecessor-version":[{"id":3008,"href":"https:\/\/smartjob.cl\/en\/wp-json\/wp\/v2\/pages\/2149\/revisions\/3008"}],"wp:attachment":[{"href":"https:\/\/smartjob.cl\/en\/wp-json\/wp\/v2\/media?parent=2149"}],"curies":[{"name":"wp","href":"https:\/\/api.w.org\/{rel}","templated":true}]}}