{"id":961,"date":"2022-03-18T12:33:55","date_gmt":"2022-03-18T12:33:55","guid":{"rendered":"https:\/\/smartjob.cl\/?page_id=961"},"modified":"2023-03-24T19:14:05","modified_gmt":"2023-03-24T19:14:05","slug":"ofertas","status":"publish","type":"page","link":"https:\/\/smartjob.cl\/en\/ofertas\/","title":{"rendered":"Ofertas de trabajo | SmartJob"},"content":{"rendered":"<div data-elementor-type=\"wp-page\" data-elementor-id=\"961\" class=\"elementor elementor-961\">\n\t\t\t\t\t\t<section class=\"elementor-section elementor-top-section elementor-element elementor-element-d16f530 elementor-section-full_width elementor-section-height-default elementor-section-height-default\" data-id=\"d16f530\" data-element_type=\"section\" data-settings=\"{&quot;background_background&quot;:&quot;video&quot;,&quot;background_video_link&quot;:&quot;\\\/wp-content\\\/uploads\\\/2022\\\/03\\\/video-1_1_1_1mb.mp4&quot;,&quot;background_video_start&quot;:1,&quot;background_play_on_mobile&quot;:&quot;yes&quot;}\">\n\t\t\t\t\t\t\t\t<div class=\"elementor-background-video-container\" aria-hidden=\"true\">\n\t\t\t\t\t\t\t\t\t\t\t\t\t<video class=\"elementor-background-video-hosted\" autoplay muted playsinline loop><\/video>\n\t\t\t\t\t\t\t\t\t\t\t<\/div>\n\t\t\t\t\t\t\t\t<div class=\"elementor-container elementor-column-gap-default\">\n\t\t\t\t\t<div class=\"elementor-column elementor-col-100 elementor-top-column elementor-element elementor-element-1c38748\" data-id=\"1c38748\" data-element_type=\"column\">\n\t\t\t<div class=\"elementor-widget-wrap elementor-element-populated\">\n\t\t\t\t\t\t<div class=\"elementor-element elementor-element-c6742b4 elementor-widget elementor-widget-heading\" data-id=\"c6742b4\" data-element_type=\"widget\" data-widget_type=\"heading.default\">\n\t\t\t\t<div class=\"elementor-widget-container\">\n\t\t\t\t\t<h1 class=\"elementor-heading-title elementor-size-default\">Work with us\n<\/h1>\t\t\t\t<\/div>\n\t\t\t\t<\/div>\n\t\t\t\t<div class=\"elementor-element elementor-element-e0733f5 elementor-widget elementor-widget-text-editor\" data-id=\"e0733f5\" data-element_type=\"widget\" data-widget_type=\"text-editor.default\">\n\t\t\t\t<div class=\"elementor-widget-container\">\n\t\t\t\t\t\t\t\t\tSend us your CV\t\t\t\t\t\t\t\t<\/div>\n\t\t\t\t<\/div>\n\t\t\t\t<div class=\"elementor-element elementor-element-8b1dc9c elementor-widget elementor-widget-text-editor\" data-id=\"8b1dc9c\" data-element_type=\"widget\" data-widget_type=\"text-editor.default\">\n\t\t\t\t<div class=\"elementor-widget-container\">\n\t\t\t\t\t\t\t\t\t<h2 style=\"font-size:20px;\">Ofertas de trabajo para talentos TI que quieran\nexpandir<br \/> sus horizontes a trav\u00e9s de la tecnolog\u00eda. <\/h2>\n\t\t\t\t\t\t\t\t<\/div>\n\t\t\t\t<\/div>\n\t\t\t\t<section class=\"elementor-section elementor-inner-section elementor-element elementor-element-a047377 elementor-section-boxed elementor-section-height-default elementor-section-height-default\" data-id=\"a047377\" data-element_type=\"section\">\n\t\t\t\t\t\t<div class=\"elementor-container elementor-column-gap-default\">\n\t\t\t\t\t<div class=\"elementor-column elementor-col-100 elementor-inner-column elementor-element elementor-element-9cbba70\" data-id=\"9cbba70\" data-element_type=\"column\">\n\t\t\t<div class=\"elementor-widget-wrap elementor-element-populated\">\n\t\t\t\t\t\t<div class=\"elementor-element elementor-element-560597a elementor-button-align-center elementor-widget elementor-widget-form\" data-id=\"560597a\" data-element_type=\"widget\" data-settings=\"{&quot;step_next_label&quot;:&quot;Next&quot;,&quot;step_previous_label&quot;:&quot;Previous&quot;,&quot;button_width&quot;:&quot;100&quot;,&quot;step_type&quot;:&quot;number_text&quot;,&quot;step_icon_shape&quot;:&quot;circle&quot;}\" data-widget_type=\"form.default\">\n\t\t\t\t<div class=\"elementor-widget-container\">\n\t\t\t\t\t\t\t<form class=\"elementor-form\" method=\"post\" name=\"New Form\" action=\"\">\n\t\t\t<input type=\"hidden\" name=\"post_id\" value=\"961\"\/>\n\t\t\t<input type=\"hidden\" name=\"form_id\" value=\"560597a\"\/>\n\t\t\t<input type=\"hidden\" name=\"referer_title\" value=\"SmartJob\" \/>\n\n\t\t\t\n\t\t\t<div class=\"elementor-form-fields-wrapper elementor-labels-above\">\n\t\t\t\t\t\t\t\t<div class=\"elementor-field-type-text elementor-field-group elementor-column elementor-field-group-name elementor-col-33 elementor-field-required\">\n\t\t\t\t\t\t\t\t\t\t\t\t\t<input size=\"1\" type=\"text\" name=\"form_fields[name]\" id=\"form-field-name\" class=\"elementor-field elementor-size-sm  elementor-field-textual\" placeholder=\"Specialty In: Java; NodeJS; Angular\u2026\" required=\"required\" aria-required=\"true\">\n\t\t\t\t\t\t\t\t\t\t\t<\/div>\n\t\t\t\t\t\t\t\t<div class=\"elementor-field-type-email elementor-field-group elementor-column elementor-field-group-email elementor-col-33 elementor-field-required\">\n\t\t\t\t\t\t\t\t\t\t\t\t\t<input size=\"1\" type=\"email\" name=\"form_fields[email]\" id=\"form-field-email\" class=\"elementor-field elementor-size-sm  elementor-field-textual\" placeholder=\"Email\" required=\"required\" aria-required=\"true\">\n\t\t\t\t\t\t\t\t\t\t\t<\/div>\n\t\t\t\t\t\t\t\t<div class=\"elementor-field-type-upload elementor-field-group elementor-column elementor-field-group-field_077443e elementor-col-33 elementor-field-required\">\n\t\t\t\t\t\t\t\t\t\t\t\t<label for=\"form-field-field_077443e\" class=\"elementor-field-label\">\n\t\t\t\t\t\t\t\tUpload CV\t\t\t\t\t\t\t<\/label>\n\t\t\t\t\t\t\t\t<input type=\"file\" name=\"form_fields[field_077443e]\" id=\"form-field-field_077443e\" class=\"elementor-field elementor-size-sm  elementor-upload-field\" required=\"required\" aria-required=\"true\" data-maxsize=\"3\" data-maxsize-message=\"This file exceeds the maximum allowed size.\">\n\n\t\t\t\t\t\t<\/div>\n\t\t\t\t\t\t\t\t<div class=\"elementor-field-group elementor-column elementor-field-type-submit elementor-col-100 e-form__buttons\">\n\t\t\t\t\t<button type=\"submit\" class=\"elementor-button elementor-size-sm\">\n\t\t\t\t\t\t<span >\n\t\t\t\t\t\t\t\t\t\t\t\t\t\t\t<span class=\"elementor-button-icon\">\n\t\t\t\t\t\t\t\t\t\t\t\t\t\t\t\t\t\t\t\t\t\t\t\t\t\t<\/span>\n\t\t\t\t\t\t\t\t\t\t\t\t\t\t\t\t\t\t\t\t\t\t<span class=\"elementor-button-text\">Send<\/span>\n\t\t\t\t\t\t\t\t\t\t\t\t\t<\/span>\n\t\t\t\t\t<\/button>\n\t\t\t\t<\/div>\n\t\t\t<\/div>\n\t\t<input type=\"hidden\" name=\"trp-form-language\" value=\"en\"\/><\/form>\n\t\t\t\t\t\t<\/div>\n\t\t\t\t<\/div>\n\t\t\t\t\t<\/div>\n\t\t<\/div>\n\t\t\t\t\t<\/div>\n\t\t<\/section>\n\t\t\t\t\t<\/div>\n\t\t<\/div>\n\t\t\t\t\t<\/div>\n\t\t<\/section>\n\t\t\t\t<section class=\"elementor-section elementor-top-section elementor-element elementor-element-5ccd130 elementor-section-boxed elementor-section-height-default elementor-section-height-default\" data-id=\"5ccd130\" data-element_type=\"section\" data-settings=\"{&quot;background_background&quot;:&quot;classic&quot;}\">\n\t\t\t\t\t\t<div class=\"elementor-container elementor-column-gap-default\">\n\t\t\t\t\t<div class=\"elementor-column elementor-col-100 elementor-top-column elementor-element elementor-element-c172b8b\" data-id=\"c172b8b\" data-element_type=\"column\">\n\t\t\t<div class=\"elementor-widget-wrap elementor-element-populated\">\n\t\t\t\t\t\t<div class=\"elementor-element elementor-element-fe766cb elementor-widget elementor-widget-heading\" data-id=\"fe766cb\" data-element_type=\"widget\" data-widget_type=\"heading.default\">\n\t\t\t\t<div class=\"elementor-widget-container\">\n\t\t\t\t\t<h2 class=\"elementor-heading-title elementor-size-default\">We are looking for!<\/h2>\t\t\t\t<\/div>\n\t\t\t\t<\/div>\n\t\t\t\t\t<\/div>\n\t\t<\/div>\n\t\t\t\t\t<\/div>\n\t\t<\/section>\n\t\t\t\t<section class=\"elementor-section elementor-top-section elementor-element elementor-element-575543a elementor-section-boxed elementor-section-height-default elementor-section-height-default\" data-id=\"575543a\" data-element_type=\"section\" data-settings=\"{&quot;background_background&quot;:&quot;classic&quot;}\">\n\t\t\t\t\t\t<div class=\"elementor-container elementor-column-gap-default\">\n\t\t\t\t\t<div class=\"elementor-column elementor-col-100 elementor-top-column elementor-element elementor-element-e58279b\" data-id=\"e58279b\" data-element_type=\"column\">\n\t\t\t<div class=\"elementor-widget-wrap elementor-element-populated\">\n\t\t\t\t\t\t<div class=\"elementor-element elementor-element-7680a38 elementor-widget elementor-widget-html\" data-id=\"7680a38\" data-element_type=\"widget\" data-widget_type=\"html.default\">\n\t\t\t\t<div class=\"elementor-widget-container\">\n\t\t\t\t\t<iframe src=\"https:\/\/ats.rankmi.com\/tenants\/8\/organizations\/smartjob\/get_iframe\" width=\"100%\" height=\"1400px\" frameborder=\"0\"> <\/iframe>\t\t\t\t<\/div>\n\t\t\t\t<\/div>\n\t\t\t\t\t<\/div>\n\t\t<\/div>\n\t\t\t\t\t<\/div>\n\t\t<\/section>\n\t\t\t\t<\/div>","protected":false},"excerpt":{"rendered":"<p>Trabaja con nosotros Env\u00edanos tu CV Ofertas de trabajo para talentos TI que quieran expandir sus horizontes a trav\u00e9s de la tecnolog\u00eda. \u00a1estamos buscando!<\/p>","protected":false},"author":2,"featured_media":0,"parent":0,"menu_order":0,"comment_status":"closed","ping_status":"closed","template":"elementor_header_footer","meta":{"footnotes":""},"class_list":["post-961","page","type-page","status-publish","hentry"],"yoast_head":"<!-- This site is optimized with the Yoast SEO plugin v26.4 - https:\/\/yoast.com\/wordpress\/plugins\/seo\/ -->\n<title>Ofertas de trabajo | SmartJob - SmartJob<\/title>\n<meta name=\"description\" content=\"Ofertas de trabajo para profesionales en tecnolog\u00eda. Estamos buscando desarrolladores, inform\u00e1ticos, ingeniero de procesos y m\u00e1s. \u00a1Sube tu CV y \u00fanete a nuestra comunidad!\" \/>\n<meta name=\"robots\" content=\"index, follow, max-snippet:-1, max-image-preview:large, max-video-preview:-1\" \/>\n<link rel=\"canonical\" href=\"https:\/\/smartjob.cl\/en\/ofertas\/\" \/>\n<meta property=\"og:locale\" content=\"en_US\" \/>\n<meta property=\"og:type\" content=\"article\" \/>\n<meta property=\"og:title\" content=\"Ofertas de trabajo | SmartJob - SmartJob\" \/>\n<meta property=\"og:description\" content=\"Ofertas de trabajo para profesionales en tecnolog\u00eda. Estamos buscando desarrolladores, inform\u00e1ticos, ingeniero de procesos y m\u00e1s. \u00a1Sube tu CV y \u00fanete a nuestra comunidad!\" \/>\n<meta property=\"og:url\" content=\"https:\/\/smartjob.cl\/en\/ofertas\/\" \/>\n<meta property=\"og:site_name\" content=\"SmartJob\" \/>\n<meta property=\"article:modified_time\" content=\"2023-03-24T19:14:05+00:00\" \/>\n<meta name=\"twitter:card\" content=\"summary_large_image\" \/>\n<meta name=\"twitter:label1\" content=\"Est. reading time\" \/>\n\t<meta name=\"twitter:data1\" content=\"1 minute\" \/>\n<script type=\"application\/ld+json\" class=\"yoast-schema-graph\">{\"@context\":\"https:\/\/schema.org\",\"@graph\":[{\"@type\":\"WebPage\",\"@id\":\"https:\/\/smartjob.cl\/ofertas\/\",\"url\":\"https:\/\/smartjob.cl\/ofertas\/\",\"name\":\"Ofertas de trabajo | SmartJob - SmartJob\",\"isPartOf\":{\"@id\":\"https:\/\/smartjob.cl\/#website\"},\"datePublished\":\"2022-03-18T12:33:55+00:00\",\"dateModified\":\"2023-03-24T19:14:05+00:00\",\"description\":\"Ofertas de trabajo para profesionales en tecnolog\u00eda. Estamos buscando desarrolladores, inform\u00e1ticos, ingeniero de procesos y m\u00e1s. \u00a1Sube tu CV y \u00fanete a nuestra comunidad!\",\"breadcrumb\":{\"@id\":\"https:\/\/smartjob.cl\/ofertas\/#breadcrumb\"},\"inLanguage\":\"en-US\",\"potentialAction\":[{\"@type\":\"ReadAction\",\"target\":[\"https:\/\/smartjob.cl\/ofertas\/\"]}]},{\"@type\":\"BreadcrumbList\",\"@id\":\"https:\/\/smartjob.cl\/ofertas\/#breadcrumb\",\"itemListElement\":[{\"@type\":\"ListItem\",\"position\":1,\"name\":\"Home\",\"item\":\"https:\/\/smartjob.cl\/\"},{\"@type\":\"ListItem\",\"position\":2,\"name\":\"Ofertas de trabajo | SmartJob\"}]},{\"@type\":\"WebSite\",\"@id\":\"https:\/\/smartjob.cl\/#website\",\"url\":\"https:\/\/smartjob.cl\/\",\"name\":\"SmartJob\",\"description\":\"\",\"publisher\":{\"@id\":\"https:\/\/smartjob.cl\/#organization\"},\"potentialAction\":[{\"@type\":\"SearchAction\",\"target\":{\"@type\":\"EntryPoint\",\"urlTemplate\":\"https:\/\/smartjob.cl\/?s={search_term_string}\"},\"query-input\":{\"@type\":\"PropertyValueSpecification\",\"valueRequired\":true,\"valueName\":\"search_term_string\"}}],\"inLanguage\":\"en-US\"},{\"@type\":\"Organization\",\"@id\":\"https:\/\/smartjob.cl\/#organization\",\"name\":\"SmartJob\",\"url\":\"https:\/\/smartjob.cl\/\",\"logo\":{\"@type\":\"ImageObject\",\"inLanguage\":\"en-US\",\"@id\":\"https:\/\/smartjob.cl\/#\/schema\/logo\/image\/\",\"url\":\"https:\/\/smartjob.cl\/wp-content\/uploads\/2022\/03\/cropped-cropped-smartjs.png\",\"contentUrl\":\"https:\/\/smartjob.cl\/wp-content\/uploads\/2022\/03\/cropped-cropped-smartjs.png\",\"width\":370,\"height\":79,\"caption\":\"SmartJob\"},\"image\":{\"@id\":\"https:\/\/smartjob.cl\/#\/schema\/logo\/image\/\"}}]}<\/script>\n<!-- \/ Yoast SEO plugin. -->","yoast_head_json":{"title":"Ofertas de trabajo | SmartJob - SmartJob","description":"Ofertas de trabajo para profesionales en tecnolog\u00eda. Estamos buscando desarrolladores, inform\u00e1ticos, ingeniero de procesos y m\u00e1s. \u00a1Sube tu CV y \u00fanete a nuestra comunidad!","robots":{"index":"index","follow":"follow","max-snippet":"max-snippet:-1","max-image-preview":"max-image-preview:large","max-video-preview":"max-video-preview:-1"},"canonical":"https:\/\/smartjob.cl\/en\/ofertas\/","og_locale":"en_US","og_type":"article","og_title":"Ofertas de trabajo | SmartJob - SmartJob","og_description":"Ofertas de trabajo para profesionales en tecnolog\u00eda. Estamos buscando desarrolladores, inform\u00e1ticos, ingeniero de procesos y m\u00e1s. \u00a1Sube tu CV y \u00fanete a nuestra comunidad!","og_url":"https:\/\/smartjob.cl\/en\/ofertas\/","og_site_name":"SmartJob","article_modified_time":"2023-03-24T19:14:05+00:00","twitter_card":"summary_large_image","twitter_misc":{"Est. reading time":"1 minute"},"schema":{"@context":"https:\/\/schema.org","@graph":[{"@type":"WebPage","@id":"https:\/\/smartjob.cl\/ofertas\/","url":"https:\/\/smartjob.cl\/ofertas\/","name":"Ofertas de trabajo | SmartJob - SmartJob","isPartOf":{"@id":"https:\/\/smartjob.cl\/#website"},"datePublished":"2022-03-18T12:33:55+00:00","dateModified":"2023-03-24T19:14:05+00:00","description":"Ofertas de trabajo para profesionales en tecnolog\u00eda. Estamos buscando desarrolladores, inform\u00e1ticos, ingeniero de procesos y m\u00e1s. \u00a1Sube tu CV y \u00fanete a nuestra comunidad!","breadcrumb":{"@id":"https:\/\/smartjob.cl\/ofertas\/#breadcrumb"},"inLanguage":"en-US","potentialAction":[{"@type":"ReadAction","target":["https:\/\/smartjob.cl\/ofertas\/"]}]},{"@type":"BreadcrumbList","@id":"https:\/\/smartjob.cl\/ofertas\/#breadcrumb","itemListElement":[{"@type":"ListItem","position":1,"name":"Home","item":"https:\/\/smartjob.cl\/"},{"@type":"ListItem","position":2,"name":"Ofertas de trabajo | SmartJob"}]},{"@type":"WebSite","@id":"https:\/\/smartjob.cl\/#website","url":"https:\/\/smartjob.cl\/","name":"SmartJob","description":"","publisher":{"@id":"https:\/\/smartjob.cl\/#organization"},"potentialAction":[{"@type":"SearchAction","target":{"@type":"EntryPoint","urlTemplate":"https:\/\/smartjob.cl\/?s={search_term_string}"},"query-input":{"@type":"PropertyValueSpecification","valueRequired":true,"valueName":"search_term_string"}}],"inLanguage":"en-US"},{"@type":"Organization","@id":"https:\/\/smartjob.cl\/#organization","name":"SmartJob","url":"https:\/\/smartjob.cl\/","logo":{"@type":"ImageObject","inLanguage":"en-US","@id":"https:\/\/smartjob.cl\/#\/schema\/logo\/image\/","url":"https:\/\/smartjob.cl\/wp-content\/uploads\/2022\/03\/cropped-cropped-smartjs.png","contentUrl":"https:\/\/smartjob.cl\/wp-content\/uploads\/2022\/03\/cropped-cropped-smartjs.png","width":370,"height":79,"caption":"SmartJob"},"image":{"@id":"https:\/\/smartjob.cl\/#\/schema\/logo\/image\/"}}]}},"_links":{"self":[{"href":"https:\/\/smartjob.cl\/en\/wp-json\/wp\/v2\/pages\/961","targetHints":{"allow":["GET"]}}],"collection":[{"href":"https:\/\/smartjob.cl\/en\/wp-json\/wp\/v2\/pages"}],"about":[{"href":"https:\/\/smartjob.cl\/en\/wp-json\/wp\/v2\/types\/page"}],"author":[{"embeddable":true,"href":"https:\/\/smartjob.cl\/en\/wp-json\/wp\/v2\/users\/2"}],"replies":[{"embeddable":true,"href":"https:\/\/smartjob.cl\/en\/wp-json\/wp\/v2\/comments?post=961"}],"version-history":[{"count":10,"href":"https:\/\/smartjob.cl\/en\/wp-json\/wp\/v2\/pages\/961\/revisions"}],"predecessor-version":[{"id":1737,"href":"https:\/\/smartjob.cl\/en\/wp-json\/wp\/v2\/pages\/961\/revisions\/1737"}],"wp:attachment":[{"href":"https:\/\/smartjob.cl\/en\/wp-json\/wp\/v2\/media?parent=961"}],"curies":[{"name":"wp","href":"https:\/\/api.w.org\/{rel}","templated":true}]}}